{"id":1697,"date":"2020-09-13T12:21:15","date_gmt":"2020-09-13T12:21:15","guid":{"rendered":"https:\/\/www.ibero.org\/?page_id=1697"},"modified":"2025-12-01T15:39:17","modified_gmt":"2025-12-01T15:39:17","slug":"donate","status":"publish","type":"page","link":"https:\/\/www.ibero.org\/es\/donate\/","title":{"rendered":"Haga sus donaciones"},"content":{"rendered":"<div data-elementor-type=\"wp-page\" data-elementor-id=\"1697\" class=\"elementor elementor-1697\" data-elementor-post-type=\"page\">\n\t\t\t\t\t\t<section class=\"elementor-section elementor-top-section elementor-element elementor-element-d7bcfcf elementor-section-boxed elementor-section-height-default elementor-section-height-default\" data-id=\"d7bcfcf\" data-element_type=\"section\" data-e-type=\"section\" id=\"donatenow\">\n\t\t\t\t\t\t<div class=\"elementor-container elementor-column-gap-default\">\n\t\t\t\t\t<div class=\"elementor-column elementor-col-100 elementor-top-column elementor-element elementor-element-a90f023\" data-id=\"a90f023\" data-element_type=\"column\" data-e-type=\"column\">\n\t\t\t<div class=\"elementor-widget-wrap elementor-element-populated\">\n\t\t\t\t\t\t<section class=\"elementor-section elementor-inner-section elementor-element elementor-element-5317442 elementor-section-boxed elementor-section-height-default elementor-section-height-default\" data-id=\"5317442\" data-element_type=\"section\" data-e-type=\"section\" data-settings=\"{&quot;animation&quot;:&quot;none&quot;}\">\n\t\t\t\t\t\t<div class=\"elementor-container elementor-column-gap-wide\">\n\t\t\t\t\t<div class=\"elementor-column elementor-col-50 elementor-inner-column elementor-element elementor-element-8821312\" data-id=\"8821312\" data-element_type=\"column\" data-e-type=\"column\">\n\t\t\t<div class=\"elementor-widget-wrap elementor-element-populated\">\n\t\t\t\t\t\t<div class=\"elementor-element elementor-element-746db3b elementor-invisible elementor-widget elementor-widget-heading\" data-id=\"746db3b\" data-element_type=\"widget\" data-e-type=\"widget\" data-settings=\"{&quot;_animation&quot;:&quot;fadeInLeft&quot;}\" data-widget_type=\"heading.default\">\n\t\t\t\t<div class=\"elementor-widget-container\">\n\t\t\t\t\t<h4 class=\"elementor-heading-title elementor-size-default\">Complete el formulario para hacer una sola donaci\u00f3n o para establecer una donaci\u00f3n recurrente.<\/h4>\t\t\t\t<\/div>\n\t\t\t\t<\/div>\n\t\t\t\t<div class=\"elementor-element elementor-element-0590aa0 elementor-invisible elementor-widget elementor-widget-text-editor\" data-id=\"0590aa0\" data-element_type=\"widget\" data-e-type=\"widget\" data-settings=\"{&quot;_animation&quot;:&quot;fadeInLeft&quot;}\" data-widget_type=\"text-editor.default\">\n\t\t\t\t<div class=\"elementor-widget-container\">\n\t\t\t\t\t\t\t\t\t<p><strong>La Liga de Acci\u00f3n Iberoamericana Inc. es la organizaci\u00f3n l\u00edder sin fines de lucro bilig\u00fce y de servicios m\u00faltiples en el norte del estado de Nueva York. Ibero eleva, empodera, y aboga por los latinos y las comunidades desatendidas.<\/strong><\/p><p>En la actualidad, Ibero se ha convertido en una agencia que atiende a personas y familias de todos los or\u00edgenes \u00e9tnicos, y nuestra capacidad \u00fanica para enfocarnos en la comunidad latina sigue sin precedentes en esta regi\u00f3n.<\/p><p>Al invertir en nuestro trabajo, usted apoya nuestro compromiso con la justicia social; hace posible lidiar con disparidades sist\u00e9micas en vivienda, educaci\u00f3n, cuidado de la salud, y empleo; y aumenta el acceso a servicios sociales biling\u00fces para aquellos en nuestra comunidad que son vulnerables y est\u00e1n en mayor riesgo.<\/p><p>Ibero atiende a cerca de 32,000 personas anualmente en la regi\u00f3n de los Finger Lakes, el oeste de Nueva York y en toda la regi\u00f3n de Mohawk Valley y la regi\u00f3n capital. Contamos con cerca de 180 empleados, el 69% personal biling\u00fce y bicultural con experiencia. Nuestra fuerza laboral nos permite lograr nuestra misi\u00f3n de elevar, empoderar y abogar por las personas latinas y de las comunidades desatendidas para lograr la equidad y convertirse en miembros totalmente valiosos de la comunidad.<\/p><h4>\u00a1Haga la diferencia hoy. Juntos podemos hacer m\u00e1s!<\/h4><p><strong>Empodere a estudiantes, ayude a mantener programas vitales, y fortalezca el futuro de Ibero.<\/strong><\/p><ul><li>Programas de Ibero - Usted puede donar a programas espec\u00edficos si lo desea, escribiendo una nota. ($15+)<\/li><li>Fondo Hispano de Becas \u00f3 Becarios de Ibero ($500+)<\/li><li>Sociedad de Donantes L\u00edderes Coraz\u00f3n de Ibero ($1000+)<\/li><li>Fondo de Dotaci\u00f3n Alma de Ibero (Sin m\u00ednimo)<\/li><\/ul><p>\u00a0<\/p><p><strong>Su aporte crea oportunidades, flexibilidad, y un impacto duradero en nuestra comunidad.<\/strong><\/p><p>Estamos profundamente agradecidos por su generosidad. Sus aportes tienen un impacto duradero en nuestra misi\u00f3n y en las personas a quienes damos servicios.<\/p>\t\t\t\t\t\t\t\t<\/div>\n\t\t\t\t<\/div>\n\t\t\t\t\t<\/div>\n\t\t<\/div>\n\t\t\t\t<div class=\"elementor-column elementor-col-50 elementor-inner-column elementor-element elementor-element-03ec990\" data-id=\"03ec990\" data-element_type=\"column\" data-e-type=\"column\">\n\t\t\t<div class=\"elementor-widget-wrap elementor-element-populated\">\n\t\t\t\t\t\t<div class=\"elementor-element elementor-element-e62667e elementor-widget elementor-widget-html\" data-id=\"e62667e\" data-element_type=\"widget\" data-e-type=\"widget\" data-widget_type=\"html.default\">\n\t\t\t\t<div class=\"elementor-widget-container\">\n\t\t\t\t\t<script src=https:\/\/cdn.donately.com\/core\/6.0\/donately.min.js?v=6.0.67 data-donately-id=\"act_b42c296583d0\" data-stripe-publishable-key=\"pk_live_51GdMOfFeYNxH9QIpTyltZNawXH9j4pA9Z42QvKFm9GSb2VVhuIUrHqffkxIm0jLfBS7JpT2WxZQVlgiWhtyBmmnx00BeiZu1yC\" data-donately-form-id=\"frm_b93ef7376712\" data-donately-fetch-config=\"true\" async=\"async\"><\/script>\n\n \t\t\t\t<\/div>\n\t\t\t\t<\/div>\n\t\t\t\t\t<\/div>\n\t\t<\/div>\n\t\t\t\t\t<\/div>\n\t\t<\/section>\n\t\t\t\t\t<\/div>\n\t\t<\/div>\n\t\t\t\t\t<\/div>\n\t\t<\/section>\n\t\t\t\t<section class=\"elementor-section elementor-top-section elementor-element elementor-element-5759baea dmSticky elementor-hidden-desktop elementor-hidden-tablet elementor-hidden-phone elementor-section-boxed elementor-section-height-default elementor-section-height-default\" data-id=\"5759baea\" data-element_type=\"section\" data-e-type=\"section\">\n\t\t\t\t\t\t<div class=\"elementor-container elementor-column-gap-default\">\n\t\t\t\t\t<div class=\"elementor-column elementor-col-100 elementor-top-column elementor-element elementor-element-552d7740\" data-id=\"552d7740\" data-element_type=\"column\" data-e-type=\"column\">\n\t\t\t<div class=\"elementor-widget-wrap elementor-element-populated\">\n\t\t\t\t\t\t<div class=\"elementor-element elementor-element-625578ab elementor-invisible elementor-widget elementor-widget-heading\" data-id=\"625578ab\" data-element_type=\"widget\" data-e-type=\"widget\" data-settings=\"{&quot;_animation&quot;:&quot;fadeIn&quot;}\" data-widget_type=\"heading.default\">\n\t\t\t\t<div class=\"elementor-widget-container\">\n\t\t\t\t\t<h2 class=\"elementor-heading-title elementor-size-default\">Placeholder Title<\/h2>\t\t\t\t<\/div>\n\t\t\t\t<\/div>\n\t\t\t\t<section class=\"elementor-section elementor-inner-section elementor-element elementor-element-5d6ca79 elementor-section-boxed elementor-section-height-default elementor-section-height-default\" data-id=\"5d6ca79\" data-element_type=\"section\" data-e-type=\"section\">\n\t\t\t\t\t\t<div class=\"elementor-container elementor-column-gap-default\">\n\t\t\t\t\t<div class=\"elementor-column elementor-col-50 elementor-inner-column elementor-element elementor-element-81d1699\" data-id=\"81d1699\" data-element_type=\"column\" data-e-type=\"column\">\n\t\t\t<div class=\"elementor-widget-wrap elementor-element-populated\">\n\t\t\t\t\t\t<div class=\"elementor-element elementor-element-be2644f elementor-position-left elementor-vertical-align-middle elementor-widget elementor-widget-image-box\" data-id=\"be2644f\" data-element_type=\"widget\" data-e-type=\"widget\" data-widget_type=\"image-box.default\">\n\t\t\t\t<div class=\"elementor-widget-container\">\n\t\t\t\t\t<div class=\"elementor-image-box-wrapper\"><figure class=\"elementor-image-box-img\"><img decoding=\"async\" src=\"https:\/\/www.ibero.org\/wp-content\/plugins\/elementor\/assets\/images\/placeholder.png\" title=\"\" alt=\"\" loading=\"lazy\" \/><\/figure><div class=\"elementor-image-box-content\"><h4 class=\"elementor-image-box-title\">This is the heading<\/h4><p class=\"elementor-image-box-description\">Lorem ipsum dolor sit amet, consectetur adipiscing elit. Ut elit tellus, luctus nec ullamcorper mattis, pulvinar dapibus leo.<\/p><\/div><\/div>\t\t\t\t<\/div>\n\t\t\t\t<\/div>\n\t\t\t\t\t<\/div>\n\t\t<\/div>\n\t\t\t\t<div class=\"elementor-column elementor-col-50 elementor-inner-column elementor-element elementor-element-5885281\" data-id=\"5885281\" data-element_type=\"column\" data-e-type=\"column\">\n\t\t\t<div class=\"elementor-widget-wrap elementor-element-populated\">\n\t\t\t\t\t\t<div class=\"elementor-element elementor-element-1f3109d elementor-position-left elementor-vertical-align-middle elementor-widget elementor-widget-image-box\" data-id=\"1f3109d\" data-element_type=\"widget\" data-e-type=\"widget\" data-widget_type=\"image-box.default\">\n\t\t\t\t<div class=\"elementor-widget-container\">\n\t\t\t\t\t<div class=\"elementor-image-box-wrapper\"><figure class=\"elementor-image-box-img\"><img decoding=\"async\" src=\"https:\/\/www.ibero.org\/wp-content\/plugins\/elementor\/assets\/images\/placeholder.png\" title=\"\" alt=\"\" loading=\"lazy\" \/><\/figure><div class=\"elementor-image-box-content\"><h4 class=\"elementor-image-box-title\">This is the heading<\/h4><p class=\"elementor-image-box-description\">Lorem ipsum dolor sit amet, consectetur adipiscing elit. Ut elit tellus, luctus nec ullamcorper mattis, pulvinar dapibus leo.<\/p><\/div><\/div>\t\t\t\t<\/div>\n\t\t\t\t<\/div>\n\t\t\t\t\t<\/div>\n\t\t<\/div>\n\t\t\t\t\t<\/div>\n\t\t<\/section>\n\t\t\t\t<section class=\"elementor-section elementor-inner-section elementor-element elementor-element-e2ae3b1 elementor-section-boxed elementor-section-height-default elementor-section-height-default\" data-id=\"e2ae3b1\" data-element_type=\"section\" data-e-type=\"section\">\n\t\t\t\t\t\t<div class=\"elementor-container elementor-column-gap-default\">\n\t\t\t\t\t<div class=\"elementor-column elementor-col-50 elementor-inner-column elementor-element elementor-element-abb72df\" data-id=\"abb72df\" data-element_type=\"column\" data-e-type=\"column\">\n\t\t\t<div class=\"elementor-widget-wrap elementor-element-populated\">\n\t\t\t\t\t\t<div class=\"elementor-element elementor-element-400f88b elementor-position-inline-start elementor-view-default elementor-mobile-position-block-start elementor-widget elementor-widget-icon-box\" data-id=\"400f88b\" data-element_type=\"widget\" data-e-type=\"widget\" data-widget_type=\"icon-box.default\">\n\t\t\t\t<div class=\"elementor-widget-container\">\n\t\t\t\t\t\t\t<div class=\"elementor-icon-box-wrapper\">\n\n\t\t\t\t\t\t<div class=\"elementor-icon-box-icon\">\n\t\t\t\t<span  class=\"elementor-icon\">\n\t\t\t\t<i aria-hidden=\"true\" class=\"fas fa-star\"><\/i>\t\t\t\t<\/span>\n\t\t\t<\/div>\n\t\t\t\n\t\t\t\t\t\t<div class=\"elementor-icon-box-content\">\n\n\t\t\t\t\t\t\t\t\t<h5 class=\"elementor-icon-box-title\">\n\t\t\t\t\t\t<span  >\n\t\t\t\t\t\t\tThis is the heading\t\t\t\t\t\t<\/span>\n\t\t\t\t\t<\/h5>\n\t\t\t\t\n\t\t\t\t\t\t\t\t\t<p class=\"elementor-icon-box-description\">\n\t\t\t\t\t\tLorem ipsum dolor sit amet, consectetur adipiscing elit. Ut elit tellus, luctus nec ullamcorper mattis, pulvinar dapibus leo.\t\t\t\t\t<\/p>\n\t\t\t\t\n\t\t\t<\/div>\n\t\t\t\n\t\t<\/div>\n\t\t\t\t\t\t<\/div>\n\t\t\t\t<\/div>\n\t\t\t\t\t<\/div>\n\t\t<\/div>\n\t\t\t\t<div class=\"elementor-column elementor-col-50 elementor-inner-column elementor-element elementor-element-a967d8b\" data-id=\"a967d8b\" data-element_type=\"column\" data-e-type=\"column\">\n\t\t\t<div class=\"elementor-widget-wrap elementor-element-populated\">\n\t\t\t\t\t\t<div class=\"elementor-element elementor-element-a51278d elementor-position-inline-start elementor-view-default elementor-mobile-position-block-start elementor-widget elementor-widget-icon-box\" data-id=\"a51278d\" data-element_type=\"widget\" data-e-type=\"widget\" data-widget_type=\"icon-box.default\">\n\t\t\t\t<div class=\"elementor-widget-container\">\n\t\t\t\t\t\t\t<div class=\"elementor-icon-box-wrapper\">\n\n\t\t\t\t\t\t<div class=\"elementor-icon-box-icon\">\n\t\t\t\t<span  class=\"elementor-icon\">\n\t\t\t\t<i aria-hidden=\"true\" class=\"fas fa-star\"><\/i>\t\t\t\t<\/span>\n\t\t\t<\/div>\n\t\t\t\n\t\t\t\t\t\t<div class=\"elementor-icon-box-content\">\n\n\t\t\t\t\t\t\t\t\t<h5 class=\"elementor-icon-box-title\">\n\t\t\t\t\t\t<span  >\n\t\t\t\t\t\t\tThis is the heading\t\t\t\t\t\t<\/span>\n\t\t\t\t\t<\/h5>\n\t\t\t\t\n\t\t\t\t\t\t\t\t\t<p class=\"elementor-icon-box-description\">\n\t\t\t\t\t\tLorem ipsum dolor sit amet, consectetur adipiscing elit. Ut elit tellus, luctus nec ullamcorper mattis, pulvinar dapibus leo.\t\t\t\t\t<\/p>\n\t\t\t\t\n\t\t\t<\/div>\n\t\t\t\n\t\t<\/div>\n\t\t\t\t\t\t<\/div>\n\t\t\t\t<\/div>\n\t\t\t\t\t<\/div>\n\t\t<\/div>\n\t\t\t\t\t<\/div>\n\t\t<\/section>\n\t\t\t\t\t<\/div>\n\t\t<\/div>\n\t\t\t\t\t<\/div>\n\t\t<\/section>\n\t\t\t\t<section class=\"elementor-section elementor-top-section elementor-element elementor-element-27c1acba elementor-section-boxed elementor-section-height-default elementor-section-height-default\" data-id=\"27c1acba\" data-element_type=\"section\" data-e-type=\"section\">\n\t\t\t\t\t\t<div class=\"elementor-container elementor-column-gap-default\">\n\t\t\t\t\t<div class=\"elementor-column elementor-col-100 elementor-top-column elementor-element elementor-element-ff83d3c\" data-id=\"ff83d3c\" data-element_type=\"column\" data-e-type=\"column\">\n\t\t\t<div class=\"elementor-widget-wrap\">\n\t\t\t\t\t\t\t<\/div>\n\t\t<\/div>\n\t\t\t\t\t<\/div>\n\t\t<\/section>\n\t\t\t\t<\/div>","protected":false},"excerpt":{"rendered":"<p>Complete the form to make a one-time or recurring donation. The Ibero-American Action League Inc. is the leading dual-language, multi-service nonprofit agency in Upstate New York, Ibero uplifts, empowers, and advocates for Latinos and underserved communities. Today Ibero has evolved into an agency that serves individuals and families of all ethnic backgrounds, and our unique [&hellip;]<\/p>\n","protected":false},"author":17,"featured_media":0,"parent":0,"menu_order":0,"comment_status":"closed","ping_status":"closed","template":"","meta":{"_acf_changed":false,"footnotes":""},"class_list":["post-1697","page","type-page","status-publish","hentry"],"acf":[],"yoast_head":"<!-- This site is optimized with the Yoast SEO plugin v27.5 - https:\/\/yoast.com\/product\/yoast-seo-wordpress\/ -->\n<title>Donate - Ibero<\/title>\n<meta name=\"robots\" content=\"index, follow, max-snippet:-1, max-image-preview:large, max-video-preview:-1\" \/>\n<link rel=\"canonical\" href=\"https:\/\/www.ibero.org\/es\/donate\/\" \/>\n<meta property=\"og:locale\" content=\"es_ES\" \/>\n<meta property=\"og:type\" content=\"article\" \/>\n<meta property=\"og:title\" content=\"Donate - Ibero\" \/>\n<meta property=\"og:description\" content=\"Complete the form to make a one-time or recurring donation. The Ibero-American Action League Inc. is the leading dual-language, multi-service nonprofit agency in Upstate New York, Ibero uplifts, empowers, and advocates for Latinos and underserved communities. Today Ibero has evolved into an agency that serves individuals and families of all ethnic backgrounds, and our unique [&hellip;]\" \/>\n<meta property=\"og:url\" content=\"https:\/\/www.ibero.org\/es\/donate\/\" \/>\n<meta property=\"og:site_name\" content=\"Ibero\" \/>\n<meta property=\"article:modified_time\" content=\"2025-12-01T15:39:17+00:00\" \/>\n<meta property=\"og:image\" content=\"https:\/\/www.ibero.org\/wp-content\/plugins\/elementor\/assets\/images\/placeholder.png\" \/>\n<meta name=\"twitter:card\" content=\"summary_large_image\" \/>\n<meta name=\"twitter:label1\" content=\"Tiempo de lectura\" \/>\n\t<meta name=\"twitter:data1\" content=\"4 minutos\" \/>\n<script type=\"application\/ld+json\" class=\"yoast-schema-graph\">{\"@context\":\"https:\\\/\\\/schema.org\",\"@graph\":[{\"@type\":\"WebPage\",\"@id\":\"https:\\\/\\\/www.ibero.org\\\/donate\\\/\",\"url\":\"https:\\\/\\\/www.ibero.org\\\/donate\\\/\",\"name\":\"Donate - Ibero\",\"isPartOf\":{\"@id\":\"https:\\\/\\\/www.ibero.org\\\/#website\"},\"primaryImageOfPage\":{\"@id\":\"https:\\\/\\\/www.ibero.org\\\/donate\\\/#primaryimage\"},\"image\":{\"@id\":\"https:\\\/\\\/www.ibero.org\\\/donate\\\/#primaryimage\"},\"thumbnailUrl\":\"https:\\\/\\\/www.ibero.org\\\/wp-content\\\/plugins\\\/elementor\\\/assets\\\/images\\\/placeholder.png\",\"datePublished\":\"2020-09-13T12:21:15+00:00\",\"dateModified\":\"2025-12-01T15:39:17+00:00\",\"breadcrumb\":{\"@id\":\"https:\\\/\\\/www.ibero.org\\\/donate\\\/#breadcrumb\"},\"inLanguage\":\"es\",\"potentialAction\":[{\"@type\":\"ReadAction\",\"target\":[\"https:\\\/\\\/www.ibero.org\\\/donate\\\/\"]}]},{\"@type\":\"ImageObject\",\"inLanguage\":\"es\",\"@id\":\"https:\\\/\\\/www.ibero.org\\\/donate\\\/#primaryimage\",\"url\":\"https:\\\/\\\/www.ibero.org\\\/wp-content\\\/plugins\\\/elementor\\\/assets\\\/images\\\/placeholder.png\",\"contentUrl\":\"https:\\\/\\\/www.ibero.org\\\/wp-content\\\/plugins\\\/elementor\\\/assets\\\/images\\\/placeholder.png\"},{\"@type\":\"BreadcrumbList\",\"@id\":\"https:\\\/\\\/www.ibero.org\\\/donate\\\/#breadcrumb\",\"itemListElement\":[{\"@type\":\"ListItem\",\"position\":1,\"name\":\"Home\",\"item\":\"https:\\\/\\\/www.ibero.org\\\/\"},{\"@type\":\"ListItem\",\"position\":2,\"name\":\"Donate\"}]},{\"@type\":\"WebSite\",\"@id\":\"https:\\\/\\\/www.ibero.org\\\/#website\",\"url\":\"https:\\\/\\\/www.ibero.org\\\/\",\"name\":\"Ibero\",\"description\":\"American Action League\",\"publisher\":{\"@id\":\"https:\\\/\\\/www.ibero.org\\\/#organization\"},\"potentialAction\":[{\"@type\":\"SearchAction\",\"target\":{\"@type\":\"EntryPoint\",\"urlTemplate\":\"https:\\\/\\\/www.ibero.org\\\/?s={search_term_string}\"},\"query-input\":{\"@type\":\"PropertyValueSpecification\",\"valueRequired\":true,\"valueName\":\"search_term_string\"}}],\"inLanguage\":\"es\"},{\"@type\":\"Organization\",\"@id\":\"https:\\\/\\\/www.ibero.org\\\/#organization\",\"name\":\"Ibero\",\"url\":\"https:\\\/\\\/www.ibero.org\\\/\",\"logo\":{\"@type\":\"ImageObject\",\"inLanguage\":\"es\",\"@id\":\"https:\\\/\\\/www.ibero.org\\\/#\\\/schema\\\/logo\\\/image\\\/\",\"url\":\"https:\\\/\\\/www.ibero.org\\\/wp-content\\\/uploads\\\/2020\\\/05\\\/ibero-logo.jpg\",\"contentUrl\":\"https:\\\/\\\/www.ibero.org\\\/wp-content\\\/uploads\\\/2020\\\/05\\\/ibero-logo.jpg\",\"width\":268,\"height\":72,\"caption\":\"Ibero\"},\"image\":{\"@id\":\"https:\\\/\\\/www.ibero.org\\\/#\\\/schema\\\/logo\\\/image\\\/\"}}]}<\/script>\n<!-- \/ Yoast SEO plugin. -->","yoast_head_json":{"title":"Donate - Ibero","robots":{"index":"index","follow":"follow","max-snippet":"max-snippet:-1","max-image-preview":"max-image-preview:large","max-video-preview":"max-video-preview:-1"},"canonical":"https:\/\/www.ibero.org\/es\/donate\/","og_locale":"es_ES","og_type":"article","og_title":"Donate - Ibero","og_description":"Complete the form to make a one-time or recurring donation. The Ibero-American Action League Inc. is the leading dual-language, multi-service nonprofit agency in Upstate New York, Ibero uplifts, empowers, and advocates for Latinos and underserved communities. Today Ibero has evolved into an agency that serves individuals and families of all ethnic backgrounds, and our unique [&hellip;]","og_url":"https:\/\/www.ibero.org\/es\/donate\/","og_site_name":"Ibero","article_modified_time":"2025-12-01T15:39:17+00:00","og_image":[{"url":"https:\/\/www.ibero.org\/wp-content\/plugins\/elementor\/assets\/images\/placeholder.png","type":"","width":"","height":""}],"twitter_card":"summary_large_image","twitter_misc":{"Tiempo de lectura":"4 minutos"},"schema":{"@context":"https:\/\/schema.org","@graph":[{"@type":"WebPage","@id":"https:\/\/www.ibero.org\/donate\/","url":"https:\/\/www.ibero.org\/donate\/","name":"Donate - Ibero","isPartOf":{"@id":"https:\/\/www.ibero.org\/#website"},"primaryImageOfPage":{"@id":"https:\/\/www.ibero.org\/donate\/#primaryimage"},"image":{"@id":"https:\/\/www.ibero.org\/donate\/#primaryimage"},"thumbnailUrl":"https:\/\/www.ibero.org\/wp-content\/plugins\/elementor\/assets\/images\/placeholder.png","datePublished":"2020-09-13T12:21:15+00:00","dateModified":"2025-12-01T15:39:17+00:00","breadcrumb":{"@id":"https:\/\/www.ibero.org\/donate\/#breadcrumb"},"inLanguage":"es","potentialAction":[{"@type":"ReadAction","target":["https:\/\/www.ibero.org\/donate\/"]}]},{"@type":"ImageObject","inLanguage":"es","@id":"https:\/\/www.ibero.org\/donate\/#primaryimage","url":"https:\/\/www.ibero.org\/wp-content\/plugins\/elementor\/assets\/images\/placeholder.png","contentUrl":"https:\/\/www.ibero.org\/wp-content\/plugins\/elementor\/assets\/images\/placeholder.png"},{"@type":"BreadcrumbList","@id":"https:\/\/www.ibero.org\/donate\/#breadcrumb","itemListElement":[{"@type":"ListItem","position":1,"name":"Home","item":"https:\/\/www.ibero.org\/"},{"@type":"ListItem","position":2,"name":"Donate"}]},{"@type":"WebSite","@id":"https:\/\/www.ibero.org\/#website","url":"https:\/\/www.ibero.org\/","name":"Ibero","description":"American Action League","publisher":{"@id":"https:\/\/www.ibero.org\/#organization"},"potentialAction":[{"@type":"SearchAction","target":{"@type":"EntryPoint","urlTemplate":"https:\/\/www.ibero.org\/?s={search_term_string}"},"query-input":{"@type":"PropertyValueSpecification","valueRequired":true,"valueName":"search_term_string"}}],"inLanguage":"es"},{"@type":"Organization","@id":"https:\/\/www.ibero.org\/#organization","name":"Ibero","url":"https:\/\/www.ibero.org\/","logo":{"@type":"ImageObject","inLanguage":"es","@id":"https:\/\/www.ibero.org\/#\/schema\/logo\/image\/","url":"https:\/\/www.ibero.org\/wp-content\/uploads\/2020\/05\/ibero-logo.jpg","contentUrl":"https:\/\/www.ibero.org\/wp-content\/uploads\/2020\/05\/ibero-logo.jpg","width":268,"height":72,"caption":"Ibero"},"image":{"@id":"https:\/\/www.ibero.org\/#\/schema\/logo\/image\/"}}]}},"_links":{"self":[{"href":"https:\/\/www.ibero.org\/es\/wp-json\/wp\/v2\/pages\/1697","targetHints":{"allow":["GET"]}}],"collection":[{"href":"https:\/\/www.ibero.org\/es\/wp-json\/wp\/v2\/pages"}],"about":[{"href":"https:\/\/www.ibero.org\/es\/wp-json\/wp\/v2\/types\/page"}],"author":[{"embeddable":true,"href":"https:\/\/www.ibero.org\/es\/wp-json\/wp\/v2\/users\/17"}],"replies":[{"embeddable":true,"href":"https:\/\/www.ibero.org\/es\/wp-json\/wp\/v2\/comments?post=1697"}],"version-history":[{"count":0,"href":"https:\/\/www.ibero.org\/es\/wp-json\/wp\/v2\/pages\/1697\/revisions"}],"wp:attachment":[{"href":"https:\/\/www.ibero.org\/es\/wp-json\/wp\/v2\/media?parent=1697"}],"curies":[{"name":"wp","href":"https:\/\/api.w.org\/{rel}","templated":true}]}}