{"id":1152,"date":"2020-07-13T20:13:31","date_gmt":"2020-07-13T20:13:31","guid":{"rendered":"https:\/\/www.ibero.org\/?page_id=1152"},"modified":"2022-01-13T20:12:48","modified_gmt":"2022-01-13T20:12:48","slug":"sees","status":"publish","type":"page","link":"https:\/\/www.ibero.org\/es\/sees\/","title":{"rendered":"Estabilidad, educaci\u00f3n y empleo"},"content":{"rendered":"<div data-elementor-type=\"wp-page\" data-elementor-id=\"1152\" class=\"elementor elementor-1152\" data-elementor-post-type=\"page\">\n\t\t\t\t\t\t<section class=\"elementor-section elementor-top-section elementor-element elementor-element-655d77f6 elementor-section-content-middle elementor-section-stretched elementor-section-height-min-height elementor-section-full_width elementor-section-height-default elementor-section-items-middle\" data-id=\"655d77f6\" data-element_type=\"section\" data-e-type=\"section\" data-settings=\"{&quot;stretch_section&quot;:&quot;section-stretched&quot;,&quot;background_background&quot;:&quot;classic&quot;}\">\n\t\t\t\t\t\t\t<div class=\"elementor-background-overlay\"><\/div>\n\t\t\t\t\t\t\t<div class=\"elementor-container elementor-column-gap-no\">\n\t\t\t\t\t<div class=\"elementor-column elementor-col-50 elementor-top-column elementor-element elementor-element-2d7b3627\" data-id=\"2d7b3627\" data-element_type=\"column\" data-e-type=\"column\" data-settings=\"{&quot;background_background&quot;:&quot;classic&quot;}\">\n\t\t\t<div class=\"elementor-widget-wrap\">\n\t\t\t\t\t\t\t<\/div>\n\t\t<\/div>\n\t\t\t\t<div class=\"elementor-column elementor-col-50 elementor-top-column elementor-element elementor-element-6d021475\" data-id=\"6d021475\" data-element_type=\"column\" data-e-type=\"column\" data-settings=\"{&quot;background_background&quot;:&quot;classic&quot;}\">\n\t\t\t<div class=\"elementor-widget-wrap elementor-element-populated\">\n\t\t\t\t\t\t<section class=\"elementor-section elementor-inner-section elementor-element elementor-element-8fbed4e programs_hero_conent elementor-section-boxed elementor-section-height-default elementor-section-height-default\" data-id=\"8fbed4e\" data-element_type=\"section\" data-e-type=\"section\">\n\t\t\t\t\t\t<div class=\"elementor-container elementor-column-gap-default\">\n\t\t\t\t\t<div class=\"elementor-column elementor-col-100 elementor-inner-column elementor-element elementor-element-45b18adf\" data-id=\"45b18adf\" data-element_type=\"column\" data-e-type=\"column\">\n\t\t\t<div class=\"elementor-widget-wrap elementor-element-populated\">\n\t\t\t\t\t\t<div class=\"elementor-element elementor-element-62ed2ae4 elementor-widget-divider--view-line elementor-invisible elementor-widget elementor-widget-divider\" data-id=\"62ed2ae4\" data-element_type=\"widget\" data-e-type=\"widget\" data-settings=\"{&quot;_animation&quot;:&quot;fadeIn&quot;}\" data-widget_type=\"divider.default\">\n\t\t\t\t<div class=\"elementor-widget-container\">\n\t\t\t\t\t\t\t<div class=\"elementor-divider\">\n\t\t\t<span class=\"elementor-divider-separator\">\n\t\t\t\t\t\t<\/span>\n\t\t<\/div>\n\t\t\t\t\t\t<\/div>\n\t\t\t\t<\/div>\n\t\t\t\t<div class=\"elementor-element elementor-element-c8e2d79 elementor-invisible elementor-widget elementor-widget-heading\" data-id=\"c8e2d79\" data-element_type=\"widget\" data-e-type=\"widget\" data-settings=\"{&quot;_animation&quot;:&quot;fadeInLeft&quot;}\" data-widget_type=\"heading.default\">\n\t\t\t\t<div class=\"elementor-widget-container\">\n\t\t\t\t\t<h2 class=\"elementor-heading-title elementor-size-default\">Stability, Education &amp; Employment Services<\/h2>\t\t\t\t<\/div>\n\t\t\t\t<\/div>\n\t\t\t\t<div class=\"elementor-element elementor-element-ec5e1c7 elementor-invisible elementor-widget elementor-widget-text-editor\" data-id=\"ec5e1c7\" data-element_type=\"widget\" data-e-type=\"widget\" data-settings=\"{&quot;_animation&quot;:&quot;fadeInLeft&quot;}\" data-widget_type=\"text-editor.default\">\n\t\t\t\t<div class=\"elementor-widget-container\">\n\t\t\t\t\t\t\t\t\t<p>\u00a0<\/p><p style=\"vertical-align: baseline;\">Our department is located at 777 Clifford Avenue in Rochester, offers services that focus on increasing the stability and quality of life among any Monroe County residents.<\/p><p style=\"vertical-align: baseline;\">Para m\u00e1s informaci\u00f3n, por favor llame al\u00a0<a style=\"background-color: #ffffff;\" href=\"tel:5852568900\">585-256-8900<\/a>\u00a0ext. 172.<\/p>\t\t\t\t\t\t\t\t<\/div>\n\t\t\t\t<\/div>\n\t\t\t\t<div class=\"elementor-element elementor-element-38a4abc3 elementor-widget__width-auto elementor-widget elementor-widget-button\" data-id=\"38a4abc3\" data-element_type=\"widget\" data-e-type=\"widget\" data-widget_type=\"button.default\">\n\t\t\t\t<div class=\"elementor-widget-container\">\n\t\t\t\t\t\t\t\t\t<div class=\"elementor-button-wrapper\">\n\t\t\t\t\t<a class=\"elementor-button elementor-button-link elementor-size-sm\" href=\"#more\">\n\t\t\t\t\t\t<span class=\"elementor-button-content-wrapper\">\n\t\t\t\t\t\t\t\t\t<span class=\"elementor-button-text\">Aprende m\u00e1s<\/span>\n\t\t\t\t\t<\/span>\n\t\t\t\t\t<\/a>\n\t\t\t\t<\/div>\n\t\t\t\t\t\t\t\t<\/div>\n\t\t\t\t<\/div>\n\t\t\t\t<div class=\"elementor-element elementor-element-c7ca6ae elementor-widget__width-auto elementor-widget elementor-widget-button\" data-id=\"c7ca6ae\" data-element_type=\"widget\" data-e-type=\"widget\" data-widget_type=\"button.default\">\n\t\t\t\t<div class=\"elementor-widget-container\">\n\t\t\t\t\t\t\t\t\t<div class=\"elementor-button-wrapper\">\n\t\t\t\t\t<a class=\"elementor-button elementor-button-link elementor-size-sm\" href=\"https:\/\/ibero.impowr.net\/forms\/ApplicantPortalHome?P=6\">\n\t\t\t\t\t\t<span class=\"elementor-button-content-wrapper\">\n\t\t\t\t\t\t\t\t\t<span class=\"elementor-button-text\">Aplique ya<\/span>\n\t\t\t\t\t<\/span>\n\t\t\t\t\t<\/a>\n\t\t\t\t<\/div>\n\t\t\t\t\t\t\t\t<\/div>\n\t\t\t\t<\/div>\n\t\t\t\t\t<\/div>\n\t\t<\/div>\n\t\t\t\t\t<\/div>\n\t\t<\/section>\n\t\t\t\t\t<\/div>\n\t\t<\/div>\n\t\t\t\t\t<\/div>\n\t\t<\/section>\n\t\t\t\t<section class=\"elementor-section elementor-top-section elementor-element elementor-element-6367ec2 elementor-section-boxed elementor-section-height-default elementor-section-height-default\" data-id=\"6367ec2\" data-element_type=\"section\" data-e-type=\"section\" id=\"more\">\n\t\t\t\t\t\t<div class=\"elementor-container elementor-column-gap-wide\">\n\t\t\t\t\t<div class=\"elementor-column elementor-col-50 elementor-top-column elementor-element elementor-element-8156b92\" data-id=\"8156b92\" data-element_type=\"column\" data-e-type=\"column\">\n\t\t\t<div class=\"elementor-widget-wrap elementor-element-populated\">\n\t\t\t\t\t\t<div class=\"elementor-element elementor-element-c415dbe elementor-invisible elementor-widget elementor-widget-heading\" data-id=\"c415dbe\" data-element_type=\"widget\" data-e-type=\"widget\" data-settings=\"{&quot;_animation&quot;:&quot;fadeIn&quot;}\" data-widget_type=\"heading.default\">\n\t\t\t\t<div class=\"elementor-widget-container\">\n\t\t\t\t\t<h3 class=\"elementor-heading-title elementor-size-default\">Nuestros servicios:<\/h3>\t\t\t\t<\/div>\n\t\t\t\t<\/div>\n\t\t\t\t<div class=\"elementor-element elementor-element-97470bc elementor-icon-list--layout-traditional elementor-list-item-link-full_width elementor-invisible elementor-widget elementor-widget-icon-list\" data-id=\"97470bc\" data-element_type=\"widget\" data-e-type=\"widget\" data-settings=\"{&quot;_animation&quot;:&quot;fadeIn&quot;}\" data-widget_type=\"icon-list.default\">\n\t\t\t\t<div class=\"elementor-widget-container\">\n\t\t\t\t\t\t\t<ul class=\"elementor-icon-list-items\">\n\t\t\t\t\t\t\t<li class=\"elementor-icon-list-item\">\n\t\t\t\t\t\t\t\t\t\t\t<span class=\"elementor-icon-list-icon\">\n\t\t\t\t\t\t\t<i aria-hidden=\"true\" class=\"fas fa-check\"><\/i>\t\t\t\t\t\t<\/span>\n\t\t\t\t\t\t\t\t\t\t<span class=\"elementor-icon-list-text\">Case management &amp; Coaching; short-term and long-tern goal planning. <\/span>\n\t\t\t\t\t\t\t\t\t<\/li>\n\t\t\t\t\t\t\t\t<li class=\"elementor-icon-list-item\">\n\t\t\t\t\t\t\t\t\t\t\t<span class=\"elementor-icon-list-icon\">\n\t\t\t\t\t\t\t<i aria-hidden=\"true\" class=\"fas fa-check\"><\/i>\t\t\t\t\t\t<\/span>\n\t\t\t\t\t\t\t\t\t\t<span class=\"elementor-icon-list-text\">Referencias temporales de necesidades b\u00e1sicas a socios externos.<\/span>\n\t\t\t\t\t\t\t\t\t<\/li>\n\t\t\t\t\t\t\t\t<li class=\"elementor-icon-list-item\">\n\t\t\t\t\t\t\t\t\t\t\t<span class=\"elementor-icon-list-icon\">\n\t\t\t\t\t\t\t<i aria-hidden=\"true\" class=\"fas fa-check\"><\/i>\t\t\t\t\t\t<\/span>\n\t\t\t\t\t\t\t\t\t\t<span class=\"elementor-icon-list-text\">DHS<\/span>\n\t\t\t\t\t\t\t\t\t<\/li>\n\t\t\t\t\t\t\t\t<li class=\"elementor-icon-list-item\">\n\t\t\t\t\t\t\t\t\t\t\t<span class=\"elementor-icon-list-icon\">\n\t\t\t\t\t\t\t<i aria-hidden=\"true\" class=\"fas fa-check\"><\/i>\t\t\t\t\t\t<\/span>\n\t\t\t\t\t\t\t\t\t\t<span class=\"elementor-icon-list-text\">Orientaci\u00f3n y abogac\u00eda de la vivienda (la ubicaci\u00f3n depende de la disponibilidad y el estado financiero)<\/span>\n\t\t\t\t\t\t\t\t\t<\/li>\n\t\t\t\t\t\t\t\t<li class=\"elementor-icon-list-item\">\n\t\t\t\t\t\t\t\t\t\t\t<span class=\"elementor-icon-list-icon\">\n\t\t\t\t\t\t\t<i aria-hidden=\"true\" class=\"fas fa-check\"><\/i>\t\t\t\t\t\t<\/span>\n\t\t\t\t\t\t\t\t\t\t<span class=\"elementor-icon-list-text\">Eliminar barreras de empleo  <\/span>\n\t\t\t\t\t\t\t\t\t<\/li>\n\t\t\t\t\t\t\t\t<li class=\"elementor-icon-list-item\">\n\t\t\t\t\t\t\t\t\t\t\t<span class=\"elementor-icon-list-icon\">\n\t\t\t\t\t\t\t<i aria-hidden=\"true\" class=\"fas fa-check\"><\/i>\t\t\t\t\t\t<\/span>\n\t\t\t\t\t\t\t\t\t\t<span class=\"elementor-icon-list-text\">Encontrar un seguro de salud<\/span>\n\t\t\t\t\t\t\t\t\t<\/li>\n\t\t\t\t\t\t\t\t<li class=\"elementor-icon-list-item\">\n\t\t\t\t\t\t\t\t\t\t\t<span class=\"elementor-icon-list-icon\">\n\t\t\t\t\t\t\t<i aria-hidden=\"true\" class=\"fas fa-check\"><\/i>\t\t\t\t\t\t<\/span>\n\t\t\t\t\t\t\t\t\t\t<span class=\"elementor-icon-list-text\">Educaci\u00f3n financiera para mejorar la autosuficiencia   <\/span>\n\t\t\t\t\t\t\t\t\t<\/li>\n\t\t\t\t\t\t\t\t<li class=\"elementor-icon-list-item\">\n\t\t\t\t\t\t\t\t\t\t\t<span class=\"elementor-icon-list-icon\">\n\t\t\t\t\t\t\t<i aria-hidden=\"true\" class=\"fas fa-check\"><\/i>\t\t\t\t\t\t<\/span>\n\t\t\t\t\t\t\t\t\t\t<span class=\"elementor-icon-list-text\">Completar documentos que no son legales  <\/span>\n\t\t\t\t\t\t\t\t\t<\/li>\n\t\t\t\t\t\t\t\t<li class=\"elementor-icon-list-item\">\n\t\t\t\t\t\t\t\t\t\t\t<span class=\"elementor-icon-list-icon\">\n\t\t\t\t\t\t\t<i aria-hidden=\"true\" class=\"fas fa-check\"><\/i>\t\t\t\t\t\t<\/span>\n\t\t\t\t\t\t\t\t\t\t<span class=\"elementor-icon-list-text\">Asistencia financiera  <\/span>\n\t\t\t\t\t\t\t\t\t<\/li>\n\t\t\t\t\t\t<\/ul>\n\t\t\t\t\t\t<\/div>\n\t\t\t\t<\/div>\n\t\t\t\t\t<\/div>\n\t\t<\/div>\n\t\t\t\t<div class=\"elementor-column elementor-col-50 elementor-top-column elementor-element elementor-element-198c1c3\" data-id=\"198c1c3\" data-element_type=\"column\" data-e-type=\"column\">\n\t\t\t<div class=\"elementor-widget-wrap elementor-element-populated\">\n\t\t\t\t\t\t<div class=\"elementor-element elementor-element-a117f4a elementor-widget-divider--view-line elementor-invisible elementor-widget elementor-widget-divider\" data-id=\"a117f4a\" data-element_type=\"widget\" data-e-type=\"widget\" data-settings=\"{&quot;_animation&quot;:&quot;fadeIn&quot;}\" data-widget_type=\"divider.default\">\n\t\t\t\t<div class=\"elementor-widget-container\">\n\t\t\t\t\t\t\t<div class=\"elementor-divider\">\n\t\t\t<span class=\"elementor-divider-separator\">\n\t\t\t\t\t\t<\/span>\n\t\t<\/div>\n\t\t\t\t\t\t<\/div>\n\t\t\t\t<\/div>\n\t\t\t\t<div class=\"elementor-element elementor-element-b8918b4 elementor-invisible elementor-widget elementor-widget-heading\" data-id=\"b8918b4\" data-element_type=\"widget\" data-e-type=\"widget\" data-settings=\"{&quot;_animation&quot;:&quot;fadeInLeft&quot;}\" data-widget_type=\"heading.default\">\n\t\t\t\t<div class=\"elementor-widget-container\">\n\t\t\t\t\t<h2 class=\"elementor-heading-title elementor-size-default\">Nuestro objetivo es ayudar a las personas a identificar e implementar pasos que eviten emergencias repetidas y desarrollen planes para la autosuficiencia.<\/h2>\t\t\t\t<\/div>\n\t\t\t\t<\/div>\n\t\t\t\t\t<\/div>\n\t\t<\/div>\n\t\t\t\t\t<\/div>\n\t\t<\/section>\n\t\t\t\t<section class=\"elementor-section elementor-top-section elementor-element elementor-element-a8b9a9e elementor-section-boxed elementor-section-height-default elementor-section-height-default\" data-id=\"a8b9a9e\" data-element_type=\"section\" data-e-type=\"section\">\n\t\t\t\t\t\t<div class=\"elementor-container elementor-column-gap-wider\">\n\t\t\t\t\t<div class=\"elementor-column elementor-col-50 elementor-top-column elementor-element elementor-element-7142d9b\" data-id=\"7142d9b\" data-element_type=\"column\" data-e-type=\"column\" data-settings=\"{&quot;background_background&quot;:&quot;classic&quot;}\">\n\t\t\t<div class=\"elementor-widget-wrap elementor-element-populated\">\n\t\t\t\t\t\t<div class=\"elementor-element elementor-element-1f5d975 elementor-widget elementor-widget-image\" data-id=\"1f5d975\" data-element_type=\"widget\" data-e-type=\"widget\" data-widget_type=\"image.default\">\n\t\t\t\t<div class=\"elementor-widget-container\">\n\t\t\t\t\t\t\t\t\t\t\t\t\t\t\t<img fetchpriority=\"high\" decoding=\"async\" width=\"800\" height=\"890\" src=\"https:\/\/www.ibero.org\/wp-content\/uploads\/2020\/07\/Ibero-Programs-10.jpg\" class=\"attachment-large size-large wp-image-1302\" alt=\"\" srcset=\"https:\/\/www.ibero.org\/wp-content\/uploads\/2020\/07\/Ibero-Programs-10.jpg 800w, https:\/\/www.ibero.org\/wp-content\/uploads\/2020\/07\/Ibero-Programs-10-270x300.jpg 270w, https:\/\/www.ibero.org\/wp-content\/uploads\/2020\/07\/Ibero-Programs-10-768x854.jpg 768w\" sizes=\"(max-width: 800px) 100vw, 800px\" \/>\t\t\t\t\t\t\t\t\t\t\t\t\t\t\t<\/div>\n\t\t\t\t<\/div>\n\t\t\t\t\t<\/div>\n\t\t<\/div>\n\t\t\t\t<div class=\"elementor-column elementor-col-50 elementor-top-column elementor-element elementor-element-1bd9fcf\" data-id=\"1bd9fcf\" data-element_type=\"column\" data-e-type=\"column\">\n\t\t\t<div class=\"elementor-widget-wrap elementor-element-populated\">\n\t\t\t\t\t\t<div class=\"elementor-element elementor-element-85292b7 elementor-invisible elementor-widget elementor-widget-heading\" data-id=\"85292b7\" data-element_type=\"widget\" data-e-type=\"widget\" data-settings=\"{&quot;_animation&quot;:&quot;fadeIn&quot;}\" data-widget_type=\"heading.default\">\n\t\t\t\t<div class=\"elementor-widget-container\">\n\t\t\t\t\t<h3 class=\"elementor-heading-title elementor-size-medium\"><h5 data-elementor-setting-key=\"title\" data-pen-placeholder=\"Type Here...\" style=\"font-family: Montserrat, sans-serif\">Nuestra respuesta a la pandemia de COVID-19<\/h5><\/h3>\t\t\t\t<\/div>\n\t\t\t\t<\/div>\n\t\t\t\t<div class=\"elementor-element elementor-element-395ddc8 elementor-widget elementor-widget-text-editor\" data-id=\"395ddc8\" data-element_type=\"widget\" data-e-type=\"widget\" data-widget_type=\"text-editor.default\">\n\t\t\t\t<div class=\"elementor-widget-container\">\n\t\t\t\t\t\t\t\t\t<p><span style=\"font-family: Arial, sans-serif;\">Desde la pandemia de COVID-19, nuestra oficina ha estado cerrada para servicios en persona. Nuestros care managers contin\u00faan prestando servicios a nuestros clientes de forma remota. En marzo de 2020, se cre\u00f3 una l\u00ednea telef\u00f3nica en la que los clientes pod\u00edan llamar y recibir una referencia para nuestros servicios u otros recursos comunitarios. Nuestro personal de SEES ha sido podido asegurar que los clientes de habla hispana estuvieran conectados a los recursos apropiados durante la pandemia.<\/span><\/p>\t\t\t\t\t\t\t\t<\/div>\n\t\t\t\t<\/div>\n\t\t\t\t\t<\/div>\n\t\t<\/div>\n\t\t\t\t\t<\/div>\n\t\t<\/section>\n\t\t\t\t<section class=\"elementor-section elementor-top-section elementor-element elementor-element-b8fee23 elementor-section-boxed elementor-section-height-default elementor-section-height-default\" data-id=\"b8fee23\" data-element_type=\"section\" data-e-type=\"section\">\n\t\t\t\t\t\t<div class=\"elementor-container elementor-column-gap-default\">\n\t\t\t\t\t<div class=\"elementor-column elementor-col-100 elementor-top-column elementor-element elementor-element-804f0f9\" data-id=\"804f0f9\" data-element_type=\"column\" data-e-type=\"column\">\n\t\t\t<div class=\"elementor-widget-wrap elementor-element-populated\">\n\t\t\t\t\t\t\t<\/div>\n\t\t<\/div>\n\t\t\t\t\t<\/div>\n\t\t<\/section>\n\t\t\t\t<section class=\"elementor-section elementor-top-section elementor-element elementor-element-3875962 elementor-section-boxed elementor-section-height-default elementor-section-height-default\" data-id=\"3875962\" data-element_type=\"section\" data-e-type=\"section\">\n\t\t\t\t\t\t<div class=\"elementor-container elementor-column-gap-default\">\n\t\t\t\t\t<div class=\"elementor-column elementor-col-100 elementor-top-column elementor-element elementor-element-f68734c\" data-id=\"f68734c\" data-element_type=\"column\" data-e-type=\"column\">\n\t\t\t<div class=\"elementor-widget-wrap elementor-element-populated\">\n\t\t\t\t\t\t\t<\/div>\n\t\t<\/div>\n\t\t\t\t\t<\/div>\n\t\t<\/section>\n\t\t\t\t<\/div>","protected":false},"excerpt":{"rendered":"<p>Stability, Education &amp; Employment Services \u00a0 Our department is located at 777 Clifford Avenue in Rochester, offers services that focus on increasing the stability and quality of life among any Monroe County residents. For more information please call\u00a0585-256-8900\u00a0ext. 172. Learn More Apply Now Our Services Case management &#038; Coaching; short-term and long-tern goal planning. Temporary [&hellip;]<\/p>\n","protected":false},"author":17,"featured_media":0,"parent":0,"menu_order":0,"comment_status":"closed","ping_status":"closed","template":"","meta":{"_acf_changed":false,"footnotes":""},"class_list":["post-1152","page","type-page","status-publish","hentry"],"acf":[],"yoast_head":"<!-- This site is optimized with the Yoast SEO plugin v27.5 - https:\/\/yoast.com\/product\/yoast-seo-wordpress\/ -->\n<title>Stability, Education, and Employment - Ibero<\/title>\n<meta name=\"robots\" content=\"index, follow, max-snippet:-1, max-image-preview:large, max-video-preview:-1\" \/>\n<link rel=\"canonical\" href=\"https:\/\/www.ibero.org\/es\/sees\/\" \/>\n<meta property=\"og:locale\" content=\"es_ES\" \/>\n<meta property=\"og:type\" content=\"article\" \/>\n<meta property=\"og:title\" content=\"Stability, Education, and Employment - Ibero\" \/>\n<meta property=\"og:description\" content=\"Stability, Education &amp; Employment Services \u00a0 Our department is located at 777 Clifford Avenue in Rochester, offers services that focus on increasing the stability and quality of life among any Monroe County residents. For more information please call\u00a0585-256-8900\u00a0ext. 172. Learn More Apply Now Our Services Case management &#038; Coaching; short-term and long-tern goal planning. Temporary [&hellip;]\" \/>\n<meta property=\"og:url\" content=\"https:\/\/www.ibero.org\/es\/sees\/\" \/>\n<meta property=\"og:site_name\" content=\"Ibero\" \/>\n<meta property=\"article:modified_time\" content=\"2022-01-13T20:12:48+00:00\" \/>\n<meta property=\"og:image\" content=\"https:\/\/www.ibero.org\/wp-content\/uploads\/2020\/07\/Ibero-Programs-10.jpg\" \/>\n<meta name=\"twitter:card\" content=\"summary_large_image\" \/>\n<meta name=\"twitter:label1\" content=\"Tiempo de lectura\" \/>\n\t<meta name=\"twitter:data1\" content=\"2 minutos\" \/>\n<script type=\"application\/ld+json\" class=\"yoast-schema-graph\">{\"@context\":\"https:\\\/\\\/schema.org\",\"@graph\":[{\"@type\":\"WebPage\",\"@id\":\"https:\\\/\\\/www.ibero.org\\\/sees\\\/\",\"url\":\"https:\\\/\\\/www.ibero.org\\\/sees\\\/\",\"name\":\"Stability, Education, and Employment - Ibero\",\"isPartOf\":{\"@id\":\"https:\\\/\\\/www.ibero.org\\\/#website\"},\"primaryImageOfPage\":{\"@id\":\"https:\\\/\\\/www.ibero.org\\\/sees\\\/#primaryimage\"},\"image\":{\"@id\":\"https:\\\/\\\/www.ibero.org\\\/sees\\\/#primaryimage\"},\"thumbnailUrl\":\"https:\\\/\\\/www.ibero.org\\\/wp-content\\\/uploads\\\/2020\\\/07\\\/Ibero-Programs-10.jpg\",\"datePublished\":\"2020-07-13T20:13:31+00:00\",\"dateModified\":\"2022-01-13T20:12:48+00:00\",\"breadcrumb\":{\"@id\":\"https:\\\/\\\/www.ibero.org\\\/sees\\\/#breadcrumb\"},\"inLanguage\":\"es\",\"potentialAction\":[{\"@type\":\"ReadAction\",\"target\":[\"https:\\\/\\\/www.ibero.org\\\/sees\\\/\"]}]},{\"@type\":\"ImageObject\",\"inLanguage\":\"es\",\"@id\":\"https:\\\/\\\/www.ibero.org\\\/sees\\\/#primaryimage\",\"url\":\"https:\\\/\\\/www.ibero.org\\\/wp-content\\\/uploads\\\/2020\\\/07\\\/Ibero-Programs-10.jpg\",\"contentUrl\":\"https:\\\/\\\/www.ibero.org\\\/wp-content\\\/uploads\\\/2020\\\/07\\\/Ibero-Programs-10.jpg\"},{\"@type\":\"BreadcrumbList\",\"@id\":\"https:\\\/\\\/www.ibero.org\\\/sees\\\/#breadcrumb\",\"itemListElement\":[{\"@type\":\"ListItem\",\"position\":1,\"name\":\"Home\",\"item\":\"https:\\\/\\\/www.ibero.org\\\/\"},{\"@type\":\"ListItem\",\"position\":2,\"name\":\"Stability, Education, and Employment\"}]},{\"@type\":\"WebSite\",\"@id\":\"https:\\\/\\\/www.ibero.org\\\/#website\",\"url\":\"https:\\\/\\\/www.ibero.org\\\/\",\"name\":\"Ibero\",\"description\":\"American Action League\",\"publisher\":{\"@id\":\"https:\\\/\\\/www.ibero.org\\\/#organization\"},\"potentialAction\":[{\"@type\":\"SearchAction\",\"target\":{\"@type\":\"EntryPoint\",\"urlTemplate\":\"https:\\\/\\\/www.ibero.org\\\/?s={search_term_string}\"},\"query-input\":{\"@type\":\"PropertyValueSpecification\",\"valueRequired\":true,\"valueName\":\"search_term_string\"}}],\"inLanguage\":\"es\"},{\"@type\":\"Organization\",\"@id\":\"https:\\\/\\\/www.ibero.org\\\/#organization\",\"name\":\"Ibero\",\"url\":\"https:\\\/\\\/www.ibero.org\\\/\",\"logo\":{\"@type\":\"ImageObject\",\"inLanguage\":\"es\",\"@id\":\"https:\\\/\\\/www.ibero.org\\\/#\\\/schema\\\/logo\\\/image\\\/\",\"url\":\"https:\\\/\\\/www.ibero.org\\\/wp-content\\\/uploads\\\/2020\\\/05\\\/ibero-logo.jpg\",\"contentUrl\":\"https:\\\/\\\/www.ibero.org\\\/wp-content\\\/uploads\\\/2020\\\/05\\\/ibero-logo.jpg\",\"width\":268,\"height\":72,\"caption\":\"Ibero\"},\"image\":{\"@id\":\"https:\\\/\\\/www.ibero.org\\\/#\\\/schema\\\/logo\\\/image\\\/\"}}]}<\/script>\n<!-- \/ Yoast SEO plugin. -->","yoast_head_json":{"title":"Stability, Education, and Employment - Ibero","robots":{"index":"index","follow":"follow","max-snippet":"max-snippet:-1","max-image-preview":"max-image-preview:large","max-video-preview":"max-video-preview:-1"},"canonical":"https:\/\/www.ibero.org\/es\/sees\/","og_locale":"es_ES","og_type":"article","og_title":"Stability, Education, and Employment - Ibero","og_description":"Stability, Education &amp; Employment Services \u00a0 Our department is located at 777 Clifford Avenue in Rochester, offers services that focus on increasing the stability and quality of life among any Monroe County residents. For more information please call\u00a0585-256-8900\u00a0ext. 172. Learn More Apply Now Our Services Case management &#038; Coaching; short-term and long-tern goal planning. Temporary [&hellip;]","og_url":"https:\/\/www.ibero.org\/es\/sees\/","og_site_name":"Ibero","article_modified_time":"2022-01-13T20:12:48+00:00","og_image":[{"url":"https:\/\/www.ibero.org\/wp-content\/uploads\/2020\/07\/Ibero-Programs-10.jpg","type":"","width":"","height":""}],"twitter_card":"summary_large_image","twitter_misc":{"Tiempo de lectura":"2 minutos"},"schema":{"@context":"https:\/\/schema.org","@graph":[{"@type":"WebPage","@id":"https:\/\/www.ibero.org\/sees\/","url":"https:\/\/www.ibero.org\/sees\/","name":"Stability, Education, and Employment - Ibero","isPartOf":{"@id":"https:\/\/www.ibero.org\/#website"},"primaryImageOfPage":{"@id":"https:\/\/www.ibero.org\/sees\/#primaryimage"},"image":{"@id":"https:\/\/www.ibero.org\/sees\/#primaryimage"},"thumbnailUrl":"https:\/\/www.ibero.org\/wp-content\/uploads\/2020\/07\/Ibero-Programs-10.jpg","datePublished":"2020-07-13T20:13:31+00:00","dateModified":"2022-01-13T20:12:48+00:00","breadcrumb":{"@id":"https:\/\/www.ibero.org\/sees\/#breadcrumb"},"inLanguage":"es","potentialAction":[{"@type":"ReadAction","target":["https:\/\/www.ibero.org\/sees\/"]}]},{"@type":"ImageObject","inLanguage":"es","@id":"https:\/\/www.ibero.org\/sees\/#primaryimage","url":"https:\/\/www.ibero.org\/wp-content\/uploads\/2020\/07\/Ibero-Programs-10.jpg","contentUrl":"https:\/\/www.ibero.org\/wp-content\/uploads\/2020\/07\/Ibero-Programs-10.jpg"},{"@type":"BreadcrumbList","@id":"https:\/\/www.ibero.org\/sees\/#breadcrumb","itemListElement":[{"@type":"ListItem","position":1,"name":"Home","item":"https:\/\/www.ibero.org\/"},{"@type":"ListItem","position":2,"name":"Stability, Education, and Employment"}]},{"@type":"WebSite","@id":"https:\/\/www.ibero.org\/#website","url":"https:\/\/www.ibero.org\/","name":"Ibero","description":"American Action League","publisher":{"@id":"https:\/\/www.ibero.org\/#organization"},"potentialAction":[{"@type":"SearchAction","target":{"@type":"EntryPoint","urlTemplate":"https:\/\/www.ibero.org\/?s={search_term_string}"},"query-input":{"@type":"PropertyValueSpecification","valueRequired":true,"valueName":"search_term_string"}}],"inLanguage":"es"},{"@type":"Organization","@id":"https:\/\/www.ibero.org\/#organization","name":"Ibero","url":"https:\/\/www.ibero.org\/","logo":{"@type":"ImageObject","inLanguage":"es","@id":"https:\/\/www.ibero.org\/#\/schema\/logo\/image\/","url":"https:\/\/www.ibero.org\/wp-content\/uploads\/2020\/05\/ibero-logo.jpg","contentUrl":"https:\/\/www.ibero.org\/wp-content\/uploads\/2020\/05\/ibero-logo.jpg","width":268,"height":72,"caption":"Ibero"},"image":{"@id":"https:\/\/www.ibero.org\/#\/schema\/logo\/image\/"}}]}},"_links":{"self":[{"href":"https:\/\/www.ibero.org\/es\/wp-json\/wp\/v2\/pages\/1152","targetHints":{"allow":["GET"]}}],"collection":[{"href":"https:\/\/www.ibero.org\/es\/wp-json\/wp\/v2\/pages"}],"about":[{"href":"https:\/\/www.ibero.org\/es\/wp-json\/wp\/v2\/types\/page"}],"author":[{"embeddable":true,"href":"https:\/\/www.ibero.org\/es\/wp-json\/wp\/v2\/users\/17"}],"replies":[{"embeddable":true,"href":"https:\/\/www.ibero.org\/es\/wp-json\/wp\/v2\/comments?post=1152"}],"version-history":[{"count":0,"href":"https:\/\/www.ibero.org\/es\/wp-json\/wp\/v2\/pages\/1152\/revisions"}],"wp:attachment":[{"href":"https:\/\/www.ibero.org\/es\/wp-json\/wp\/v2\/media?parent=1152"}],"curies":[{"name":"wp","href":"https:\/\/api.w.org\/{rel}","templated":true}]}}